{"id":259,"date":"2026-02-11T12:28:51","date_gmt":"2026-02-11T15:28:51","guid":{"rendered":"https:\/\/athoscrespi.com\/?page_id=259"},"modified":"2026-02-13T09:55:36","modified_gmt":"2026-02-13T12:55:36","slug":"dr-athos-de-castro-crespi","status":"publish","type":"page","link":"https:\/\/athoscrespi.com\/","title":{"rendered":"Minha Miss\u00e3o"},"content":{"rendered":"\n<p id=\"p-rc_9af01ce9127f10c2-124\">Promover o Cuidado da Sa\u00fade Respirat\u00f3ria e o Desenvolvimento Integral das Crian\u00e7as com atendimento humanizado e focado no bem-estar da sua fam\u00edlia.<\/p>\n\n\n\n<p id=\"p-rc_9af01ce9127f10c2-126\"><strong>Unidades de Atendimento e Contato<\/strong> :<\/p>\n\n\n\n<p><strong>Sorocaba<\/strong><\/p>\n\n\n\n<ul class=\"wp-block-list\">\n<li><strong>Local:<\/strong> &#8220;Cl\u00ednica Dra. Stefanie M\u00fcller&#8221; &#8211; (Edif\u00edcio Campolim Office)<\/li>\n\n\n\n<li><strong>Endere\u00e7o:<\/strong> Av. Ant\u00f4nio Carlos Comitre, 540 &#8211; Sala 45<\/li>\n\n\n\n<li><strong><strong>WhatsApp:<\/strong> :<\/strong> (15) 3199-5221<\/li>\n<\/ul>\n\n\n\n<p><strong>Tatu\u00ed<\/strong><\/p>\n\n\n\n<ul class=\"wp-block-list\">\n<li><strong>Local:<\/strong> &#8220;Cl\u00ednica de Especialidades M\u00e9dicas Lincoln&#8221;<\/li>\n\n\n\n<li><strong>Endere\u00e7o:<\/strong> Rua Quinze de Novembro, 632 &#8211; Centro<\/li>\n\n\n\n<li><strong>WhatsApp:<\/strong> (15) 99852-5656<\/li>\n<\/ul>\n\n\n\n<p><strong>Redes Sociais<\/strong><\/p>\n\n\n\n<p>Acompanhe dicas e informa\u00e7\u00f5es pelo Instagram: <strong>@dr.athoscrespi<\/strong><\/p>\n","protected":false},"excerpt":{"rendered":"<p>Promover o Cuidado da Sa\u00fade Respirat\u00f3ria e o Desenvolvimento Integral das Crian\u00e7as com atendimento humanizado e focado no bem-estar da sua fam\u00edlia. Unidades de Atendimento e Contato : Sorocaba Tatu\u00ed Redes Sociais Acompanhe dicas e informa\u00e7\u00f5es pelo Instagram: @dr.athoscrespi<\/p>\n","protected":false},"author":1,"featured_media":0,"parent":0,"menu_order":0,"comment_status":"closed","ping_status":"closed","template":"","meta":{"footnotes":""},"class_list":["post-259","page","type-page","status-publish","hentry"],"_links":{"self":[{"href":"https:\/\/athoscrespi.com\/index.php\/wp-json\/wp\/v2\/pages\/259","targetHints":{"allow":["GET"]}}],"collection":[{"href":"https:\/\/athoscrespi.com\/index.php\/wp-json\/wp\/v2\/pages"}],"about":[{"href":"https:\/\/athoscrespi.com\/index.php\/wp-json\/wp\/v2\/types\/page"}],"author":[{"embeddable":true,"href":"https:\/\/athoscrespi.com\/index.php\/wp-json\/wp\/v2\/users\/1"}],"replies":[{"embeddable":true,"href":"https:\/\/athoscrespi.com\/index.php\/wp-json\/wp\/v2\/comments?post=259"}],"version-history":[{"count":9,"href":"https:\/\/athoscrespi.com\/index.php\/wp-json\/wp\/v2\/pages\/259\/revisions"}],"predecessor-version":[{"id":274,"href":"https:\/\/athoscrespi.com\/index.php\/wp-json\/wp\/v2\/pages\/259\/revisions\/274"}],"wp:attachment":[{"href":"https:\/\/athoscrespi.com\/index.php\/wp-json\/wp\/v2\/media?parent=259"}],"curies":[{"name":"wp","href":"https:\/\/api.w.org\/{rel}","templated":true}]}}